{"id":11,"date":"2026-02-01T22:07:14","date_gmt":"2026-02-01T22:07:14","guid":{"rendered":"https:\/\/lebensgrammatik.de\/?page_id=11"},"modified":"2026-02-01T22:07:14","modified_gmt":"2026-02-01T22:07:14","slug":"hallo","status":"publish","type":"page","link":"https:\/\/lebensgrammatik.de\/index.php\/hallo\/","title":{"rendered":"Hallo"},"content":{"rendered":"\n<p><\/p>\n\n\n\n<p><\/p>\n\n\n\n<p>Wer w\u00e4hlt Grammatik als Schl\u00fcssel-Wort? Ich. Warum? Ich finde Grammatik ein passende Metapher f\u00fcr das, was ich als mein Lebensthema identifiziert habe. Welche Strukturen spielen f\u00fcr uns eine Rolle? Wo lassen sich Muster erkennen?Warum bin ich so interessiert an Mustern? Vermutlich ist das einfach angeboren. Was mir nicht in die Wiege gelegt wurde, ist Intuition und Emotionalit\u00e4t. Weil ich eine Richtschnur f\u00fcr Entscheidungen brauche, halte ich mich stattdessen an Wahrnehmung und Logik.Die Kehrseite ist eine Reizfilterschw\u00e4che. Das bedeutet, dass ich alles M\u00f6gliche mit meinen Sinnen wahrnehme und mich bewusst konzentrieren muss auf das, was ich erledigen will.Die zweite Kehrseite ist: Die Konzentration auf die Verarbeitung von Wahrnehmingen und auf den Treffen von Entscheidungen<\/p>\n\n\n\n<p><\/p>\n","protected":false},"excerpt":{"rendered":"<p>Wer w\u00e4hlt Grammatik als Schl\u00fcssel-Wort? Ich. Warum? Ich finde Grammatik ein passende Metapher f\u00fcr das, was ich als mein Lebensthema identifiziert habe. Welche Strukturen spielen f\u00fcr uns eine Rolle? Wo lassen sich Muster erkennen?Warum bin ich so interessiert an Mustern? Vermutlich ist das einfach angeboren. Was mir nicht in die Wiege gelegt wurde, ist Intuition [&hellip;]<\/p>\n","protected":false},"author":1,"featured_media":0,"parent":0,"menu_order":0,"comment_status":"closed","ping_status":"closed","template":"","meta":{"footnotes":""},"class_list":["post-11","page","type-page","status-publish","hentry"],"_links":{"self":[{"href":"https:\/\/lebensgrammatik.de\/index.php\/wp-json\/wp\/v2\/pages\/11","targetHints":{"allow":["GET"]}}],"collection":[{"href":"https:\/\/lebensgrammatik.de\/index.php\/wp-json\/wp\/v2\/pages"}],"about":[{"href":"https:\/\/lebensgrammatik.de\/index.php\/wp-json\/wp\/v2\/types\/page"}],"author":[{"embeddable":true,"href":"https:\/\/lebensgrammatik.de\/index.php\/wp-json\/wp\/v2\/users\/1"}],"replies":[{"embeddable":true,"href":"https:\/\/lebensgrammatik.de\/index.php\/wp-json\/wp\/v2\/comments?post=11"}],"version-history":[{"count":1,"href":"https:\/\/lebensgrammatik.de\/index.php\/wp-json\/wp\/v2\/pages\/11\/revisions"}],"predecessor-version":[{"id":12,"href":"https:\/\/lebensgrammatik.de\/index.php\/wp-json\/wp\/v2\/pages\/11\/revisions\/12"}],"wp:attachment":[{"href":"https:\/\/lebensgrammatik.de\/index.php\/wp-json\/wp\/v2\/media?parent=11"}],"curies":[{"name":"wp","href":"https:\/\/api.w.org\/{rel}","templated":true}]}}